{"id":35,"date":"2019-11-19T08:53:52","date_gmt":"2019-11-19T08:53:52","guid":{"rendered":"https:\/\/welcome.descours-cabaud.com\/forgot-your-password\/"},"modified":"2019-11-19T09:45:42","modified_gmt":"2019-11-19T09:45:42","slug":"forgot-your-password","status":"publish","type":"page","link":"https:\/\/welcome.descours-cabaud.com\/es\/forgot-your-password\/","title":{"rendered":"Forgot your password?"},"content":{"rendered":"<div id=\"password-lost-form\">\n    <p>\n        Introduzca su direcci\u00f3n de correo electr\u00f3nico y le enviaremos un enlace para escoger una contrase\u00f1a nueva.    <\/p>\n\n    <form  id=\"lostpasswordform\" action=\"https:\/\/welcome.descours-cabaud.com\/wp-login.php?action=lostpassword&current_language=es\" method=\"post\">\n                <div class=\"form-group\">\n            <label for=\"user_login\">Su correo electr\u00f3nico:<\/label>\n                <input type=\"email\" name=\"user_login\" class=\"form-control \" id=\"user_login\">\n                        <\/div>\n                                <input type=\"hidden\" name=\"current_language\" value=\"es\">\n                <div class=\"form-group text-right\">\n            <a href=\"https:\/\/welcome.descours-cabaud.com\/es\/login\/\" class=\"btn  btn-sm btn-secondary\"><span class=\"icon icon-dc-arrow-l\"><\/span> Volver<\/a>\n            <button type=\"submit\" name=\"submit\" class=\"btn btn-sm btn-primary\">Restablecer mi contrase\u00f1a <span class=\"icon icon-dc-arrow-r\"><\/span><\/button>\n        <\/div>\n    <\/form>\n<\/div>\n\n","protected":false},"excerpt":{"rendered":"","protected":false},"author":1,"featured_media":0,"parent":0,"menu_order":8,"comment_status":"closed","ping_status":"closed","template":"page-templates\/public-page.php","meta":{"footnotes":""},"class_list":["post-35","page","type-page","status-publish","hentry"],"_links":{"self":[{"href":"https:\/\/welcome.descours-cabaud.com\/es\/wp-json\/wp\/v2\/pages\/35","targetHints":{"allow":["GET"]}}],"collection":[{"href":"https:\/\/welcome.descours-cabaud.com\/es\/wp-json\/wp\/v2\/pages"}],"about":[{"href":"https:\/\/welcome.descours-cabaud.com\/es\/wp-json\/wp\/v2\/types\/page"}],"author":[{"embeddable":true,"href":"https:\/\/welcome.descours-cabaud.com\/es\/wp-json\/wp\/v2\/users\/1"}],"replies":[{"embeddable":true,"href":"https:\/\/welcome.descours-cabaud.com\/es\/wp-json\/wp\/v2\/comments?post=35"}],"version-history":[{"count":0,"href":"https:\/\/welcome.descours-cabaud.com\/es\/wp-json\/wp\/v2\/pages\/35\/revisions"}],"wp:attachment":[{"href":"https:\/\/welcome.descours-cabaud.com\/es\/wp-json\/wp\/v2\/media?parent=35"}],"curies":[{"name":"wp","href":"https:\/\/api.w.org\/{rel}","templated":true}]}}